{"id":4895,"date":"2020-10-10T21:54:47","date_gmt":"2020-10-10T19:54:47","guid":{"rendered":"https:\/\/mrdp.pl\/?page_id=4895"},"modified":"2020-11-23T22:39:32","modified_gmt":"2020-11-23T21:39:32","slug":"wyniki-mrdp-wschod-2020","status":"publish","type":"page","link":"https:\/\/mrdp.pl\/en\/archiwum\/wmrdp-2020\/wyniki-mrdp-wschod-2020","title":{"rendered":"Standings MRDP East 2020"},"content":{"rendered":"\n\n\n<p><a href=\"\/uploads\/2020\/wyniki_WMRDP2020.xlsx\">Wyniki pe\u0142ne &#8211; xlsx<\/a><\/p>\n\n\n\n<figure class=\"wp-block-table\"><table><tbody><tr><td>Lp.<\/td><td>nr<\/td><td>Imi\u0119 i Nazwisko<\/td><td>Kategoria<\/td><td>Rocznik<\/td><td>Klub<\/td><td>Dystans<\/td><td>Czas trasy<\/td><\/tr><tr><td>1<\/td><td>28<\/td><td>Pawe\u0142 Sojecki<\/td><td>TOTAL EXTREME<\/td><td>1975<\/td><td>Jas-K\u00f3\u0142ka<\/td><td>1234km (META)<\/td><td>48h 13m<\/td><\/tr><tr><td>2<\/td><td>11<\/td><td>Daniel \u015amieja<\/td><td>TOTAL EXTREME<\/td><td>1982<\/td><td>mrdp.pl<\/td><td>1234km (META)<\/td><td>60h 23m<\/td><\/tr><tr><td>3<\/td><td>33<\/td><td>Jacek Kozio\u0142<\/td><td>TOTAL EXTREME<\/td><td>1966<\/td><td>CTS\/G.O.A.T. TEAM<\/td><td>1234km (META)<\/td><td>61h 02m<\/td><\/tr><tr><td>4<\/td><td>20<\/td><td>Zbigniew Nowak<\/td><td>TOTAL EXTREME<\/td><td>1974<\/td><td>&nbsp;<\/td><td>1234km (META)<\/td><td>61h 34m<\/td><\/tr><tr><td>5<\/td><td>26<\/td><td>Maciej Paterak<\/td><td>TOTAL EXTREME<\/td><td>1976<\/td><td>team29er.pl<\/td><td>1234km (META)<\/td><td>62h 07m<\/td><\/tr><tr><td>6<\/td><td>12<\/td><td>Ireneusz Szymocha<\/td><td>TOTAL EXTREME<\/td><td>1972<\/td><td>K. R. &#8221;Gryfland&#8221;<\/td><td>1234km (META)<\/td><td>62h 56m<\/td><\/tr><tr><td>7<\/td><td>23<\/td><td>Kazimierz Piech\u00f3wka<\/td><td>TOTAL EXTREME<\/td><td>1965<\/td><td>&nbsp;<\/td><td>1234km (META)<\/td><td>65h 02m<\/td><\/tr><tr><td>8<\/td><td>22<\/td><td>Darek Urba\u0144czyk<\/td><td>TOTAL EXTREME<\/td><td>1976<\/td><td>&nbsp;<\/td><td>1234km (META)<\/td><td>66h 25m<\/td><\/tr><tr><td>9<\/td><td>30<\/td><td>Klaudiusz Bek<\/td><td>TOTAL EXTREME<\/td><td>1972<\/td><td>AMATOR<\/td><td>1234km (META)<\/td><td>67h 42m<\/td><\/tr><tr><td>9<\/td><td>35<\/td><td>Marcin Siniarski<\/td><td>TOTAL EXTREME<\/td><td>1972<\/td><td>&nbsp;<\/td><td>1234km (META)<\/td><td>67h 42m<\/td><\/tr><tr><td>11<\/td><td>41<\/td><td>Jaros\u0142aw Borowski<\/td><td>TOTAL EXTREME<\/td><td>1980<\/td><td>GTR Golub-Dobrzy\u0144<\/td><td>1234km (META)<\/td><td>76h 55m<\/td><\/tr><tr><td>12<\/td><td>19<\/td><td>Grzegorz Szamrowicz<\/td><td>TOTAL EXTREME<\/td><td>1998<\/td><td>&nbsp;<\/td><td>1234km (META)<\/td><td>77h 09m<\/td><\/tr><tr><td>13<\/td><td>18<\/td><td>Pawe\u0142 Mielczarek<\/td><td>TOTAL EXTREME<\/td><td>1974<\/td><td>&nbsp;<\/td><td>1234km (META)<\/td><td>77h 40m<\/td><\/tr><tr><td>14<\/td><td>27<\/td><td>Krzysztof Wlaz\u0142o<\/td><td>TOTAL EXTREME<\/td><td>1960<\/td><td>Rowery Kosowski<\/td><td>1234km (META)<\/td><td>79h 08m<\/td><\/tr><tr><td>15<\/td><td>15<\/td><td>Krzysztof Wiktorowski<\/td><td>TOTAL EXTREME<\/td><td>1954<\/td><td>&nbsp;<\/td><td>1234km (META)<\/td><td>79h 29m<\/td><\/tr><tr><td>16<\/td><td>25<\/td><td>George Eliava<\/td><td>TOTAL EXTREME<\/td><td>1983<\/td><td>&nbsp;<\/td><td>1234km (META)<\/td><td>89h 16m<\/td><\/tr><tr><td>16<\/td><td>32<\/td><td>Wojciech Ho\u0142dakowski<\/td><td>TOTAL EXTREME<\/td><td>1970<\/td><td>&nbsp;<\/td><td>1234km (META)<\/td><td>89h 16m<\/td><\/tr><tr><td>16<\/td><td>42<\/td><td>Robert Stanek<\/td><td>TOTAL EXTREME<\/td><td>1967<\/td><td>Rudy Kot<\/td><td>1234km (META)<\/td><td>89h 16m<\/td><\/tr><tr><td>18<\/td><td>17<\/td><td>Andrzej Sulej<\/td><td>TOTAL EXTREME<\/td><td>1969<\/td><td>Andrzej Sulej<\/td><td>1234km (META)<\/td><td>89h 51m<\/td><\/tr><tr><td>20<\/td><td>21<\/td><td>Piotr Szajduk<\/td><td>TOTAL EXTREME<\/td><td>1963<\/td><td>Wrzaskuny<\/td><td>1234km (META)<\/td><td>91h 48m<\/td><\/tr><tr><td>21<\/td><td>29<\/td><td>Andrzej Skwarecki<\/td><td>TOTAL EXTREME<\/td><td>1993<\/td><td>&nbsp;<\/td><td>1234km (META)<\/td><td>93h 56m<\/td><\/tr><tr><td>21<\/td><td>37<\/td><td>Artur Furma\u0144ski<\/td><td>TOTAL EXTREME<\/td><td>1987<\/td><td>RodzinaNaMedal<\/td><td>1234km (META)<\/td><td>93h 56m<\/td><\/tr><tr><td>23<\/td><td>34<\/td><td>Waldemar K\u0119dy\u015b<\/td><td>TOTAL EXTREME<\/td><td>1975<\/td><td>&nbsp;<\/td><td>1234km (META)<\/td><td>94h 02m<\/td><\/tr><tr><td>24<\/td><td>13<\/td><td>Wojciech \u0141uszcz<\/td><td>TOTAL EXTREME<\/td><td>1959<\/td><td>SB\u017b<\/td><td>1234km (META)<\/td><td>94h 04m<\/td><\/tr><tr><td>25<\/td><td>24<\/td><td>Piotr Baszy\u0144ski<\/td><td>TOTAL EXTREME<\/td><td>1987<\/td><td>&nbsp;<\/td><td>1234km (META)<\/td><td>94h 40m<\/td><\/tr><tr><td>26<\/td><td>31<\/td><td>Marcin Witkowski<\/td><td>TOTAL EXTREME<\/td><td>1969<\/td><td>ZASZYCI<\/td><td>1234km (META)<\/td><td>99h 39m<\/td><\/tr><tr><td>27<\/td><td>39<\/td><td>Jakub Jeznach<\/td><td>TOTAL EXTREME<\/td><td>1992<\/td><td>&nbsp;<\/td><td>1234km (META)<\/td><td>105h 59m<\/td><\/tr><tr><td>28<\/td><td>16<\/td><td>Marcin Zielkowski<\/td><td>TOTAL EXTREME<\/td><td>1992<\/td><td>&nbsp;<\/td><td>548km<\/td><td>18h 15m<\/td><\/tr><tr><td>29<\/td><td>36<\/td><td>Roman Kr\u00f3likowski<\/td><td>TOTAL EXTREME<\/td><td>1963<\/td><td>&nbsp;<\/td><td>360km<\/td><td>12h 51m<\/td><\/tr><tr><td>30<\/td><td>40<\/td><td>Ireneusz Nowak<\/td><td>TOTAL EXTREME<\/td><td>1976<\/td><td>UltraCyrkle<\/td><td>360km<\/td><td>13h 15m<\/td><\/tr><tr><td>&nbsp;<\/td><td>50<\/td><td>Piotr Organek<\/td><td>TOTAL EXTREME<\/td><td>1989<\/td><td>Niniwa Team<\/td><td>&nbsp;<\/td><td>&nbsp;<\/td><\/tr><tr><td>1<\/td><td>118<\/td><td>Pawe\u0142 Talaga<\/td><td>EXTREME<\/td><td>1971<\/td><td>&nbsp;<\/td><td>1234km (META)<\/td><td>66h 01m<\/td><\/tr><tr><td>2<\/td><td>116<\/td><td>Witold Biernacki<\/td><td>EXTREME<\/td><td>1977<\/td><td>&nbsp;<\/td><td>1234km (META)<\/td><td>69h 35m<\/td><\/tr><tr><td>3<\/td><td>111<\/td><td>Mariusz Filipek<\/td><td>EXTREME<\/td><td>1973<\/td><td>Bike Room Team<\/td><td>1234km (META)<\/td><td>76h 30m<\/td><\/tr><tr><td>4<\/td><td>113<\/td><td>Dariusz Chojnowski<\/td><td>EXTREME<\/td><td>1962<\/td><td>&nbsp;<\/td><td>1234km (META)<\/td><td>83h 03m<\/td><\/tr><tr><td>5<\/td><td>115<\/td><td>\u0141ukasz Hedko<\/td><td>EXTREME<\/td><td>1981<\/td><td>hedko.pl<\/td><td>1234km (META)<\/td><td>94h 58m<\/td><\/tr><tr><td>6<\/td><td>119<\/td><td>Kamil Chwistecki<\/td><td>EXTREME<\/td><td>1981<\/td><td>&nbsp;<\/td><td>1234km (META)<\/td><td>101h 21m<\/td><\/tr><tr><td>7<\/td><td>101<\/td><td>Barbara Nie\u015bcioruk<\/td><td>EXTREME<\/td><td>1969<\/td><td>&nbsp;<\/td><td>1234km (META)<\/td><td>102h 18m<\/td><\/tr><tr><td>7<\/td><td>112<\/td><td>Jerzy \u015acibisz<\/td><td>EXTREME<\/td><td>1955<\/td><td>&nbsp;<\/td><td>1234km (META)<\/td><td>102h 18m<\/td><\/tr><\/tbody><\/table><\/figure>\n","protected":false},"excerpt":{"rendered":"<p>Wyniki pe\u0142ne &#8211; xlsx Lp. nr Imi\u0119 i Nazwisko Kategoria Rocznik Klub Dystans Czas trasy 1 28 Pawe\u0142 Sojecki TOTAL EXTREME 1975 Jas-K\u00f3\u0142ka 1234km (META) 48h 13m 2 11 Daniel \u015amieja TOTAL EXTREME 1982 mrdp.pl 1234km (META) 60h 23m 3 33 Jacek Kozio\u0142 TOTAL EXTREME 1966 CTS\/G.O.A.T. TEAM 1234km (META) 61h 02m 4 20 Zbigniew Nowak TOTAL EXTREME 1974 &nbsp; [&hellip;]<\/p>\n","protected":false},"author":1,"featured_media":0,"parent":4965,"menu_order":0,"comment_status":"closed","ping_status":"closed","template":"","meta":[],"_links":{"self":[{"href":"https:\/\/mrdp.pl\/en\/wp-json\/wp\/v2\/pages\/4895"}],"collection":[{"href":"https:\/\/mrdp.pl\/en\/wp-json\/wp\/v2\/pages"}],"about":[{"href":"https:\/\/mrdp.pl\/en\/wp-json\/wp\/v2\/types\/page"}],"author":[{"embeddable":true,"href":"https:\/\/mrdp.pl\/en\/wp-json\/wp\/v2\/users\/1"}],"replies":[{"embeddable":true,"href":"https:\/\/mrdp.pl\/en\/wp-json\/wp\/v2\/comments?post=4895"}],"version-history":[{"count":4,"href":"https:\/\/mrdp.pl\/en\/wp-json\/wp\/v2\/pages\/4895\/revisions"}],"predecessor-version":[{"id":4911,"href":"https:\/\/mrdp.pl\/en\/wp-json\/wp\/v2\/pages\/4895\/revisions\/4911"}],"up":[{"embeddable":true,"href":"https:\/\/mrdp.pl\/en\/wp-json\/wp\/v2\/pages\/4965"}],"wp:attachment":[{"href":"https:\/\/mrdp.pl\/en\/wp-json\/wp\/v2\/media?parent=4895"}],"curies":[{"name":"wp","href":"https:\/\/api.w.org\/{rel}","templated":true}]}}