{"id":14,"date":"2013-04-05T10:09:50","date_gmt":"2013-04-05T08:09:50","guid":{"rendered":"http:\/\/localhost\/mrdp\/?page_id=14"},"modified":"2014-09-19T02:03:38","modified_gmt":"2014-09-19T00:03:38","slug":"opis-trasy-2013","status":"publish","type":"page","link":"https:\/\/mrdp.pl\/en\/archiwum\/archiwum-2013\/opis-trasy-2013","title":{"rendered":"Race Description 2013"},"content":{"rendered":"<p><b>Race description (by kilometers) <\/b>:<\/p>\n<div>\n<table border=\"0\">\n<tbody>\n<tr>\n<td><b>City<\/b><\/td>\n<td colspan=\"2\"><b>Distance<\/b><\/td>\n<\/tr>\n<tr>\n<td>START &#8211; Przyl\u0105dek Rozewie<\/td>\n<td>\n<p align=\"right\">0,0<\/p>\n<\/td>\n<td>km<\/td>\n<\/tr>\n<tr>\n<td>W\u0142adys\u0142awowo<\/td>\n<td>\n<p align=\"right\">7,1<\/p>\n<\/td>\n<td>km<\/td>\n<\/tr>\n<tr>\n<td>Reda<\/td>\n<td>\n<p align=\"right\">29,9<\/p>\n<\/td>\n<td>km<\/td>\n<\/tr>\n<tr>\n<td>Gdynia<\/td>\n<td>\n<p align=\"right\">46,9<\/p>\n<\/td>\n<td>km<\/td>\n<\/tr>\n<tr>\n<td>Gda\u0144sk<\/td>\n<td>\n<p align=\"right\">64,0<\/p>\n<\/td>\n<td>km<\/td>\n<\/tr>\n<tr>\n<td>Przejazdowo<\/td>\n<td>\n<p align=\"right\">76,2<\/p>\n<\/td>\n<td>km<\/td>\n<\/tr>\n<tr>\n<td>Prom \u015awibno<\/td>\n<td>\n<p align=\"right\">89,9<\/p>\n<\/td>\n<td>km<\/td>\n<\/tr>\n<tr>\n<td>Stegna (S1)<\/td>\n<td>\n<p align=\"right\">101,7<\/p>\n<\/td>\n<td>km<\/td>\n<\/tr>\n<tr>\n<td>Marz\u0119cino<\/td>\n<td>\n<p align=\"right\">119,4<\/p>\n<\/td>\n<td>km<\/td>\n<\/tr>\n<tr>\n<td>K\u0119pki<\/td>\n<td>\n<p align=\"right\">127,5<\/p>\n<\/td>\n<td>km<\/td>\n<\/tr>\n<tr>\n<td>Elbl\u0105g<\/td>\n<td>\n<p align=\"right\">136,9<\/p>\n<\/td>\n<td>km<\/td>\n<\/tr>\n<tr>\n<td>Frombork<\/td>\n<td>\n<p align=\"right\">166,9<\/p>\n<\/td>\n<td>km<\/td>\n<\/tr>\n<tr>\n<td>Braniewo<\/td>\n<td>\n<p align=\"right\">175,8<\/p>\n<\/td>\n<td>km<\/td>\n<\/tr>\n<tr>\n<td>Gronowo (S2)<\/td>\n<td>\n<p align=\"right\">183,1<\/p>\n<\/td>\n<td>km<\/td>\n<\/tr>\n<tr>\n<td>\u017belazna G\u00f3ra<\/td>\n<td>\n<p align=\"right\">196,8<\/p>\n<\/td>\n<td>km<\/td>\n<\/tr>\n<tr>\n<td>Lelkowo<\/td>\n<td>\n<p align=\"right\">211,3<\/p>\n<\/td>\n<td>km<\/td>\n<\/tr>\n<tr>\n<td>G\u00f3rowo I\u0142awieckie<\/td>\n<td>\n<p align=\"right\">231,5<\/p>\n<\/td>\n<td>km<\/td>\n<\/tr>\n<tr>\n<td>Bartoszyce<\/td>\n<td>\n<p align=\"right\">255,2<\/p>\n<\/td>\n<td>km<\/td>\n<\/tr>\n<tr>\n<td>S\u0119popol (S3)<\/td>\n<td>\n<p align=\"right\">270,1<\/p>\n<\/td>\n<td>km<\/td>\n<\/tr>\n<tr>\n<td>Glitajny<\/td>\n<td>\n<p align=\"right\">284,2<\/p>\n<\/td>\n<td>km<\/td>\n<\/tr>\n<tr>\n<td>Barciany<\/td>\n<td>\n<p align=\"right\">299,3<\/p>\n<\/td>\n<td>km<\/td>\n<\/tr>\n<tr>\n<td>Srokowo<\/td>\n<td>\n<p align=\"right\">311,9<\/p>\n<\/td>\n<td>km<\/td>\n<\/tr>\n<tr>\n<td>W\u0119gorzewo<\/td>\n<td>\n<p align=\"right\">327,3<\/p>\n<\/td>\n<td>km<\/td>\n<\/tr>\n<tr>\n<td>Banie Mazurskie<\/td>\n<td>\n<p align=\"right\">351,4<\/p>\n<\/td>\n<td>km<\/td>\n<\/tr>\n<tr>\n<td>Go\u0142dap<\/td>\n<td>\n<p align=\"right\">377,1<\/p>\n<\/td>\n<td>km<\/td>\n<\/tr>\n<tr>\n<td>Wi\u017cajny (S4)<\/td>\n<td>\n<p align=\"right\">421,7<\/p>\n<\/td>\n<td>km<\/td>\n<\/tr>\n<tr>\n<td>Szypliszki<\/td>\n<td>\n<p align=\"right\">442,0<\/p>\n<\/td>\n<td>km<\/td>\n<\/tr>\n<tr>\n<td>Sejny (S5)<\/td>\n<td>\n<p align=\"right\">468,8<\/p>\n<\/td>\n<td>km<\/td>\n<\/tr>\n<tr>\n<td>Giby<\/td>\n<td>\n<p align=\"right\">476,2<\/p>\n<\/td>\n<td>km<\/td>\n<\/tr>\n<tr>\n<td>Ma\u0142owiste<\/td>\n<td>\n<p align=\"right\">493,5<\/p>\n<\/td>\n<td>km<\/td>\n<\/tr>\n<tr>\n<td>Gruszki<\/td>\n<td>\n<p align=\"right\">512,0<\/p>\n<\/td>\n<td>km<\/td>\n<\/tr>\n<tr>\n<td>Lipsk<\/td>\n<td>\n<p align=\"right\">530,2<\/p>\n<\/td>\n<td>km<\/td>\n<\/tr>\n<tr>\n<td>Sok\u00f3\u0142ka (S6)<\/td>\n<td>\n<p align=\"right\">570,9<\/p>\n<\/td>\n<td>km<\/td>\n<\/tr>\n<tr>\n<td>Supra\u015bl<\/td>\n<td>\n<p align=\"right\">603,6<\/p>\n<\/td>\n<td>km<\/td>\n<\/tr>\n<tr>\n<td>Juszkowy Gr\u00f3d<\/td>\n<td>\n<p align=\"right\">647,7<\/p>\n<\/td>\n<td>km<\/td>\n<\/tr>\n<tr>\n<td>Narewka (S7)<\/td>\n<td>\n<p align=\"right\">665,7<\/p>\n<\/td>\n<td>km<\/td>\n<\/tr>\n<tr>\n<td>Hajn\u00f3wka<\/td>\n<td>\n<p align=\"right\">684,5<\/p>\n<\/td>\n<td>km<\/td>\n<\/tr>\n<tr>\n<td>Kleszczele<\/td>\n<td>\n<p align=\"right\">711,2<\/p>\n<\/td>\n<td>km<\/td>\n<\/tr>\n<tr>\n<td>Siemiatycze (S8)<\/td>\n<td>\n<p align=\"right\">749,4<\/p>\n<\/td>\n<td>km<\/td>\n<\/tr>\n<tr>\n<td>Sarnaki<\/td>\n<td>\n<p align=\"right\">762,2<\/p>\n<\/td>\n<td>km<\/td>\n<\/tr>\n<tr>\n<td>Konstantyn\u00f3w<\/td>\n<td>\n<p align=\"right\">782,0<\/p>\n<\/td>\n<td>km<\/td>\n<\/tr>\n<tr>\n<td>Terespol (S9)<\/td>\n<td>\n<p align=\"right\">824,9<\/p>\n<\/td>\n<td>km<\/td>\n<\/tr>\n<tr>\n<td>Liszna<\/td>\n<td>\n<p align=\"right\">860,9<\/p>\n<\/td>\n<td>km<\/td>\n<\/tr>\n<tr>\n<td>W\u0142odawa<\/td>\n<td>\n<p align=\"right\">887,8<\/p>\n<\/td>\n<td>km<\/td>\n<\/tr>\n<tr>\n<td>Wola Uhruska<\/td>\n<td>\n<p align=\"right\">921,3<\/p>\n<\/td>\n<td>km<\/td>\n<\/tr>\n<tr>\n<td>Dorohusk<\/td>\n<td>\n<p align=\"right\">944,0<\/p>\n<\/td>\n<td>km<\/td>\n<\/tr>\n<tr>\n<td>Horod\u0142o<\/td>\n<td>\n<p align=\"right\">982,9<\/p>\n<\/td>\n<td>km<\/td>\n<\/tr>\n<tr>\n<td>Zosin (S10)<\/td>\n<td>\n<p align=\"right\">991,4<\/p>\n<\/td>\n<td>km<\/td>\n<\/tr>\n<tr>\n<td>Hrubiesz\u00f3w<\/td>\n<td>\n<p align=\"right\">1010,3<\/p>\n<\/td>\n<td>km<\/td>\n<\/tr>\n<tr>\n<td>Alojz\u00f3w<\/td>\n<td>\n<p align=\"right\">1018,0<\/p>\n<\/td>\n<td>km<\/td>\n<\/tr>\n<tr>\n<td>Tyszowce<\/td>\n<td>\n<p align=\"right\">1037,8<\/p>\n<\/td>\n<td>km<\/td>\n<\/tr>\n<tr>\n<td>Tomasz\u00f3w Lubelski<\/td>\n<td>\n<p align=\"right\">1067,6<\/p>\n<\/td>\n<td>km<\/td>\n<\/tr>\n<tr>\n<td>Be\u0142\u017cec<\/td>\n<td>\n<p align=\"right\">1075,5<\/p>\n<\/td>\n<td>km<\/td>\n<\/tr>\n<tr>\n<td>Narol<\/td>\n<td>\n<p align=\"right\">1085,0<\/p>\n<\/td>\n<td>km<\/td>\n<\/tr>\n<tr>\n<td>Cieszan\u00f3w<\/td>\n<td>\n<p align=\"right\">1104,0<\/p>\n<\/td>\n<td>km<\/td>\n<\/tr>\n<tr>\n<td>Lubacz\u00f3w<\/td>\n<td>\n<p align=\"right\">1114,4<\/p>\n<\/td>\n<td>km<\/td>\n<\/tr>\n<tr>\n<td>Laszki<\/td>\n<td>\n<p align=\"right\">1137,6<\/p>\n<\/td>\n<td>km<\/td>\n<\/tr>\n<tr>\n<td>Radymno (S11)<\/td>\n<td>\n<p align=\"right\">1151,4<\/p>\n<\/td>\n<td>km<\/td>\n<\/tr>\n<tr>\n<td>Przemy\u015bl<\/td>\n<td>\n<p align=\"right\">1171,0<\/p>\n<\/td>\n<td>km<\/td>\n<\/tr>\n<tr>\n<td>Nehrybka<\/td>\n<td>\n<p align=\"right\">1175,2<\/p>\n<\/td>\n<td>km<\/td>\n<\/tr>\n<tr>\n<td>Ar\u0142am\u00f3w<\/td>\n<td>\n<p align=\"right\">1204,7<\/p>\n<\/td>\n<td>km<\/td>\n<\/tr>\n<tr>\n<td>Kro\u015bcienko<\/td>\n<td>\n<p align=\"right\">1225,0<\/p>\n<\/td>\n<td>km<\/td>\n<\/tr>\n<tr>\n<td>Ustrzyki Dolne<\/td>\n<td>\n<p align=\"right\">1232,9<\/p>\n<\/td>\n<td>km<\/td>\n<\/tr>\n<tr>\n<td>Czarna<\/td>\n<td>\n<p align=\"right\">1249,2<\/p>\n<\/td>\n<td>km<\/td>\n<\/tr>\n<tr>\n<td>Ustrzyki G\u00f3rne (S12)<\/td>\n<td>\n<p align=\"right\">1278,1<\/p>\n<\/td>\n<td>km<\/td>\n<\/tr>\n<tr>\n<td>Cisna<\/td>\n<td>\n<p align=\"right\">1314,0<\/p>\n<\/td>\n<td>km<\/td>\n<\/tr>\n<tr>\n<td>Koma\u0144cza<\/td>\n<td>\n<p align=\"right\">1346,1<\/p>\n<\/td>\n<td>km<\/td>\n<\/tr>\n<tr>\n<td>Tylawa<\/td>\n<td>\n<p align=\"right\">1381,6<\/p>\n<\/td>\n<td>km<\/td>\n<\/tr>\n<tr>\n<td>Dukla<\/td>\n<td>\n<p align=\"right\">1391,5<\/p>\n<\/td>\n<td>km<\/td>\n<\/tr>\n<tr>\n<td>Nowy \u017bmigr\u00f3d (S13)<\/td>\n<td>\n<p align=\"right\">1405,4<\/p>\n<\/td>\n<td>km<\/td>\n<\/tr>\n<tr>\n<td>Gorlice<\/td>\n<td>\n<p align=\"right\">1434,2<\/p>\n<\/td>\n<td>km<\/td>\n<\/tr>\n<tr>\n<td>Ropa<\/td>\n<td>\n<p align=\"right\">1445,3<\/p>\n<\/td>\n<td>km<\/td>\n<\/tr>\n<tr>\n<td>\u015anietnica<\/td>\n<td>\n<p align=\"right\">1459,2<\/p>\n<\/td>\n<td>km<\/td>\n<\/tr>\n<tr>\n<td>Banica<\/td>\n<td>\n<p align=\"right\">1463,7<\/p>\n<\/td>\n<td>km<\/td>\n<\/tr>\n<tr>\n<td>Tylicz<\/td>\n<td>\n<p align=\"right\">1478,0<\/p>\n<\/td>\n<td>km<\/td>\n<\/tr>\n<tr>\n<td>Muszyna (S14)<\/td>\n<td>\n<p align=\"right\">1491,6<\/p>\n<\/td>\n<td>km<\/td>\n<\/tr>\n<tr>\n<td>Piwniczna Zdr\u00f3j<\/td>\n<td>\n<p align=\"right\">1518,9<\/p>\n<\/td>\n<td>km<\/td>\n<\/tr>\n<tr>\n<td>Stary S\u0105cz (S15)<\/td>\n<td>\n<p align=\"right\">1536,2<\/p>\n<\/td>\n<td>km<\/td>\n<\/tr>\n<tr>\n<td>Zabrze\u017a<\/td>\n<td>\n<p align=\"right\">1556,5<\/p>\n<\/td>\n<td>km<\/td>\n<\/tr>\n<tr>\n<td>Kro\u015bcienko nad Dunajcem<\/td>\n<td>\n<p align=\"right\">1572,0<\/p>\n<\/td>\n<td>km<\/td>\n<\/tr>\n<tr>\n<td>Nidzica<\/td>\n<td>\n<p align=\"right\">1587,6<\/p>\n<\/td>\n<td>km<\/td>\n<\/tr>\n<tr>\n<td>Lapszanka<\/td>\n<td>\n<p align=\"right\">1603,5<\/p>\n<\/td>\n<td>km<\/td>\n<\/tr>\n<tr>\n<td>Bukowina Tatrza\u0144ska (S16)<\/td>\n<td>\n<p align=\"right\">1612,2<\/p>\n<\/td>\n<td>km<\/td>\n<\/tr>\n<tr>\n<td>Zazadnia (S16)<\/td>\n<td>\n<p align=\"right\">1624,9<\/p>\n<\/td>\n<td>km<\/td>\n<\/tr>\n<tr>\n<td>Zakopane<\/td>\n<td>\n<p align=\"right\">1637,7<\/p>\n<\/td>\n<td>km<\/td>\n<\/tr>\n<tr>\n<td>Czarny Dunajec<\/td>\n<td>\n<p align=\"right\">1665,5<\/p>\n<\/td>\n<td>km<\/td>\n<\/tr>\n<tr>\n<td>Jab\u0142onka<\/td>\n<td>\n<p align=\"right\">1678,1<\/p>\n<\/td>\n<td>km<\/td>\n<\/tr>\n<tr>\n<td>Zawoja<\/td>\n<td>\n<p align=\"right\">1707,6<\/p>\n<\/td>\n<td>km<\/td>\n<\/tr>\n<tr>\n<td>Stryszawa (S17)<\/td>\n<td>\n<p align=\"right\">1719,0<\/p>\n<\/td>\n<td>km<\/td>\n<\/tr>\n<tr>\n<td>\u017bywiec<\/td>\n<td>\n<p align=\"right\">1750,5<\/p>\n<\/td>\n<td>km<\/td>\n<\/tr>\n<tr>\n<td>Mil\u00f3wka<\/td>\n<td>\n<p align=\"right\">1768,1<\/p>\n<\/td>\n<td>km<\/td>\n<\/tr>\n<tr>\n<td>Istebna (S18)<\/td>\n<td>\n<p align=\"right\">1784,6<\/p>\n<\/td>\n<td>km<\/td>\n<\/tr>\n<tr>\n<td>Wis\u0142a<\/td>\n<td>\n<p align=\"right\">1797,9<\/p>\n<\/td>\n<td>km<\/td>\n<\/tr>\n<tr>\n<td>Ustro\u0144<\/td>\n<td>\n<p align=\"right\">1808,7<\/p>\n<\/td>\n<td>km<\/td>\n<\/tr>\n<tr>\n<td>Golesz\u00f3w<\/td>\n<td>\n<p align=\"right\">1813,1<\/p>\n<\/td>\n<td>km<\/td>\n<\/tr>\n<tr>\n<td>Cieszyn<\/td>\n<td>\n<p align=\"right\">1821,4<\/p>\n<\/td>\n<td>km<\/td>\n<\/tr>\n<tr>\n<td>Jastrzebie &#8211; Zdr\u00f3j<\/td>\n<td>\n<p align=\"right\">1846,1<\/p>\n<\/td>\n<td>km<\/td>\n<\/tr>\n<tr>\n<td>Wodzis\u0142aw \u015al\u0105ski<\/td>\n<td>\n<p align=\"right\">1857,5<\/p>\n<\/td>\n<td>km<\/td>\n<\/tr>\n<tr>\n<td>Racib\u00f3rz<\/td>\n<td>\n<p align=\"right\">1880,8<\/p>\n<\/td>\n<td>km<\/td>\n<\/tr>\n<tr>\n<td>Kietrz (S19)<\/td>\n<td>\n<p align=\"right\">1898,2<\/p>\n<\/td>\n<td>km<\/td>\n<\/tr>\n<tr>\n<td>G\u0142ubczyce<\/td>\n<td>\n<p align=\"right\">1919,4<\/p>\n<\/td>\n<td>km<\/td>\n<\/tr>\n<tr>\n<td>Klisino<\/td>\n<td>\n<p align=\"right\">1931,7<\/p>\n<\/td>\n<td>km<\/td>\n<\/tr>\n<tr>\n<td>Prudnik<\/td>\n<td>\n<p align=\"right\">1950,0<\/p>\n<\/td>\n<td>km<\/td>\n<\/tr>\n<tr>\n<td>Nysa (S20)<\/td>\n<td>\n<p align=\"right\">1976,2<\/p>\n<\/td>\n<td>km<\/td>\n<\/tr>\n<tr>\n<td>Otmuch\u00f3w<\/td>\n<td>\n<p align=\"right\">1988,0<\/p>\n<\/td>\n<td>km<\/td>\n<\/tr>\n<tr>\n<td>Paczk\u00f3w<\/td>\n<td>\n<p align=\"right\">2001,9<\/p>\n<\/td>\n<td>km<\/td>\n<\/tr>\n<tr>\n<td>Z\u0142oty Stok (S21)<\/td>\n<td>\n<p align=\"right\">2012,4<\/p>\n<\/td>\n<td>km<\/td>\n<\/tr>\n<tr>\n<td>L\u0105dek Zdr\u00f3j<\/td>\n<td>\n<p align=\"right\">2030,5<\/p>\n<\/td>\n<td>km<\/td>\n<\/tr>\n<tr>\n<td>Stronie \u015al\u0105skie (S22)<\/td>\n<td>\n<p align=\"right\">2037,5<\/p>\n<\/td>\n<td>km<\/td>\n<\/tr>\n<tr>\n<td>Wilkan\u00f3w<\/td>\n<td>\n<p align=\"right\">2056,6<\/p>\n<\/td>\n<td>km<\/td>\n<\/tr>\n<tr>\n<td>Mi\u0119dzylesie (S23)<\/td>\n<td>\n<p align=\"right\">2068,3<\/p>\n<\/td>\n<td>km<\/td>\n<\/tr>\n<tr>\n<td>Zieleniec<\/td>\n<td>\n<p align=\"right\">2106,4<\/p>\n<\/td>\n<td>km<\/td>\n<\/tr>\n<tr>\n<td>Kudowa &#8211; Zdr\u00f3j (S24)<\/td>\n<td>\n<p align=\"right\">2125,3<\/p>\n<\/td>\n<td>km<\/td>\n<\/tr>\n<tr>\n<td>Radk\u00f3w<\/td>\n<td>\n<p align=\"right\">2149,0<\/p>\n<\/td>\n<td>km<\/td>\n<\/tr>\n<tr>\n<td>Gaj\u00f3w<\/td>\n<td>\n<p align=\"right\">2152,4<\/p>\n<\/td>\n<td>km<\/td>\n<\/tr>\n<tr>\n<td>Krajan\u00f3w<\/td>\n<td>\n<p align=\"right\">2166,0<\/p>\n<\/td>\n<td>km<\/td>\n<\/tr>\n<tr>\n<td>G\u0142uszyca (S25)<\/td>\n<td>\n<p align=\"right\">2180,4<\/p>\n<\/td>\n<td>km<\/td>\n<\/tr>\n<tr>\n<td>Unis\u0142aw \u015al\u0105ski<\/td>\n<td>\n<p align=\"right\">2190,0<\/p>\n<\/td>\n<td>km<\/td>\n<\/tr>\n<tr>\n<td>Mierosz\u00f3w<\/td>\n<td>\n<p align=\"right\">2198,0<\/p>\n<\/td>\n<td>km<\/td>\n<\/tr>\n<tr>\n<td>Che\u0142msko \u015al\u0105skie<\/td>\n<td>\n<p align=\"right\">2208,9<\/p>\n<\/td>\n<td>km<\/td>\n<\/tr>\n<tr>\n<td>Lubawka\u00a0 (S26)<\/td>\n<td>\n<p align=\"right\">2215,8<\/p>\n<\/td>\n<td>km<\/td>\n<\/tr>\n<tr>\n<td>Kowary<\/td>\n<td>\n<p align=\"right\">2241,4<\/p>\n<\/td>\n<td>km<\/td>\n<\/tr>\n<tr>\n<td>Sklarska Por\u0119ba Dolna<\/td>\n<td>\n<p align=\"right\">2268,8<\/p>\n<\/td>\n<td>km<\/td>\n<\/tr>\n<tr>\n<td>\u015awierad\u00f3w &#8211; Zdr\u00f3j (S27)<\/td>\n<td>\n<p align=\"right\">2288,4<\/p>\n<\/td>\n<td>km<\/td>\n<\/tr>\n<tr>\n<td>Pobiedna<\/td>\n<td>\n<p align=\"right\">2294,9<\/p>\n<\/td>\n<td>km<\/td>\n<\/tr>\n<tr>\n<td>Le\u015bna<\/td>\n<td>\n<p align=\"right\">2307,3<\/p>\n<\/td>\n<td>km<\/td>\n<\/tr>\n<tr>\n<td>Sulik\u00f3w<\/td>\n<td>\n<p align=\"right\">2326,1<\/p>\n<\/td>\n<td>km<\/td>\n<\/tr>\n<tr>\n<td>Tylice<\/td>\n<td>\n<p align=\"right\">2331,6<\/p>\n<\/td>\n<td>km<\/td>\n<\/tr>\n<tr>\n<td>Zgorzelec (S28)<\/td>\n<td>\n<p align=\"right\">2336,0<\/p>\n<\/td>\n<td>km<\/td>\n<\/tr>\n<tr>\n<td>Piensk<\/td>\n<td>\n<p align=\"right\">2349,2<\/p>\n<\/td>\n<td>km<\/td>\n<\/tr>\n<tr>\n<td>Rusz\u00f3w (S29)<\/td>\n<td>\n<p align=\"right\">2370,4<\/p>\n<\/td>\n<td>km<\/td>\n<\/tr>\n<tr>\n<td>Gozdnica<\/td>\n<td>\n<p align=\"right\">2378,2<\/p>\n<\/td>\n<td>km<\/td>\n<\/tr>\n<tr>\n<td>Przew\u00f3z<\/td>\n<td>\n<p align=\"right\">2393,1<\/p>\n<\/td>\n<td>km<\/td>\n<\/tr>\n<tr>\n<td>Nowe Czaple (S30)<\/td>\n<td>\n<p align=\"right\">2409,9<\/p>\n<\/td>\n<td>km<\/td>\n<\/tr>\n<tr>\n<td>Tuplice<\/td>\n<td>\n<p align=\"right\">2426,6<\/p>\n<\/td>\n<td>km<\/td>\n<\/tr>\n<tr>\n<td>Brody (S31)<\/td>\n<td>\n<p align=\"right\">2443,0<\/p>\n<\/td>\n<td>km<\/td>\n<\/tr>\n<tr>\n<td>Gubin<\/td>\n<td>\n<p align=\"right\">2466,1<\/p>\n<\/td>\n<td>km<\/td>\n<\/tr>\n<tr>\n<td>Prom Po\u0142\u0119cko<\/td>\n<td>\n<p align=\"right\">2484,5<\/p>\n<\/td>\n<td>km<\/td>\n<\/tr>\n<tr>\n<td>Korczyc\u00f3w<\/td>\n<td>\n<p align=\"right\">2495,7<\/p>\n<\/td>\n<td>km<\/td>\n<\/tr>\n<tr>\n<td>Cybinka (S32)<\/td>\n<td>\n<p align=\"right\">2506,9<\/p>\n<\/td>\n<td>km<\/td>\n<\/tr>\n<tr>\n<td>S\u0142ubice<\/td>\n<td>\n<p align=\"right\">2531,3<\/p>\n<\/td>\n<td>km<\/td>\n<\/tr>\n<tr>\n<td>Kostrzyn nad Odr\u0105<\/td>\n<td>\n<p align=\"right\">2564,0<\/p>\n<\/td>\n<td>km<\/td>\n<\/tr>\n<tr>\n<td>Sarbinowo (S33)<\/td>\n<td>\n<p align=\"right\">2572,1<\/p>\n<\/td>\n<td>km<\/td>\n<\/tr>\n<tr>\n<td>Mieszkowice<\/td>\n<td>\n<p align=\"right\">2593,0<\/p>\n<\/td>\n<td>km<\/td>\n<\/tr>\n<tr>\n<td>Osin\u00f3w Dolny (S34)<\/td>\n<td>\n<p align=\"right\">2624,2<\/p>\n<\/td>\n<td>km<\/td>\n<\/tr>\n<tr>\n<td>Krajnik Dolny<\/td>\n<td>\n<p align=\"right\">2653,9<\/p>\n<\/td>\n<td>km<\/td>\n<\/tr>\n<tr>\n<td>Widuchowa<\/td>\n<td>\n<p align=\"right\">2669,5<\/p>\n<\/td>\n<td>km<\/td>\n<\/tr>\n<tr>\n<td>Gryfino<\/td>\n<td>\n<p align=\"right\">2686,6<\/p>\n<\/td>\n<td>km<\/td>\n<\/tr>\n<tr>\n<td>Szczecin Zdroje<\/td>\n<td>\n<p align=\"right\">2705,0<\/p>\n<\/td>\n<td>km<\/td>\n<\/tr>\n<tr>\n<td>Szczecin D\u0105bie<\/td>\n<td>\n<p align=\"right\">2707,8<\/p>\n<\/td>\n<td>km<\/td>\n<\/tr>\n<tr>\n<td>Pucice<\/td>\n<td>\n<p align=\"right\">2716,8<\/p>\n<\/td>\n<td>km<\/td>\n<\/tr>\n<tr>\n<td>Rurzyca<\/td>\n<td>\n<p align=\"right\">2722,7<\/p>\n<\/td>\n<td>km<\/td>\n<\/tr>\n<tr>\n<td>Goleni\u00f3w (S35)<\/td>\n<td>\n<p align=\"right\">2733,2<\/p>\n<\/td>\n<td>km<\/td>\n<\/tr>\n<tr>\n<td>Widze\u0144sko<\/td>\n<td>\n<p align=\"right\">2746,8<\/p>\n<\/td>\n<td>km<\/td>\n<\/tr>\n<tr>\n<td>Wolin<\/td>\n<td>\n<p align=\"right\">2771,6<\/p>\n<\/td>\n<td>km<\/td>\n<\/tr>\n<tr>\n<td>Mi\u0119dzyzdroje (S36)<\/td>\n<td>\n<p align=\"right\">2789,2<\/p>\n<\/td>\n<td>km<\/td>\n<\/tr>\n<tr>\n<td>Dziwn\u00f3w<\/td>\n<td>\n<p align=\"right\">2814,6<\/p>\n<\/td>\n<td>km<\/td>\n<\/tr>\n<tr>\n<td>Trzebiat\u00f3w<\/td>\n<td>\n<p align=\"right\">2853,7<\/p>\n<\/td>\n<td>km<\/td>\n<\/tr>\n<tr>\n<td>Ko\u0142obrzeg (S37)<\/td>\n<td>\n<p align=\"right\">2882,2<\/p>\n<\/td>\n<td>km<\/td>\n<\/tr>\n<tr>\n<td>Mielno<\/td>\n<td>\n<p align=\"right\">2919,1<\/p>\n<\/td>\n<td>km<\/td>\n<\/tr>\n<tr>\n<td>Osieki<\/td>\n<td>\n<p align=\"right\">2933,9<\/p>\n<\/td>\n<td>km<\/td>\n<\/tr>\n<tr>\n<td>Dar\u0142owo<\/td>\n<td>\n<p align=\"right\">2960,9<\/p>\n<\/td>\n<td>km<\/td>\n<\/tr>\n<tr>\n<td>Ustka (S38)<\/td>\n<td>\n<p align=\"right\">2998,7<\/p>\n<\/td>\n<td>km<\/td>\n<\/tr>\n<tr>\n<td>Objazda<\/td>\n<td>\n<p align=\"right\">3012,6<\/p>\n<\/td>\n<td>km<\/td>\n<\/tr>\n<tr>\n<td>Smo\u0142dzino<\/td>\n<td>\n<p align=\"right\">3028,4<\/p>\n<\/td>\n<td>km<\/td>\n<\/tr>\n<tr>\n<td>Cho\u0107mirowo<\/td>\n<td>\n<p align=\"right\">3038,7<\/p>\n<\/td>\n<td>km<\/td>\n<\/tr>\n<tr>\n<td>Wicko<\/td>\n<td>\n<p align=\"right\">3066,1<\/p>\n<\/td>\n<td>km<\/td>\n<\/tr>\n<tr>\n<td>\u017belazna<\/td>\n<td>\n<p align=\"right\">3084,2<\/p>\n<\/td>\n<td>km<\/td>\n<\/tr>\n<tr>\n<td>Mierzyno (S39)<\/td>\n<td>\n<p align=\"right\">3092,6<\/p>\n<\/td>\n<td>km<\/td>\n<\/tr>\n<tr>\n<td>Czymanowo<\/td>\n<td>\n<p align=\"right\">3102,4<\/p>\n<\/td>\n<td>km<\/td>\n<\/tr>\n<tr>\n<td>Krokowa<\/td>\n<td>\n<p align=\"right\">3113,7<\/p>\n<\/td>\n<td>km<\/td>\n<\/tr>\n<tr>\n<td>Karwia<\/td>\n<td>\n<p align=\"right\">3121,7<\/p>\n<\/td>\n<td>km<\/td>\n<\/tr>\n<tr>\n<td>META &#8211; Przyl\u0105dek Rozewie<\/td>\n<td>\n<p align=\"right\">3130,0<\/p>\n<\/td>\n<td>km<\/td>\n<\/tr>\n<\/tbody>\n<\/table>\n<\/div>\n<p><\/p>","protected":false},"excerpt":{"rendered":"<p>Race description (by kilometers) : City Distance START &#8211; Przyl\u0105dek Rozewie 0,0 km W\u0142adys\u0142awowo 7,1 km Reda 29,9 km Gdynia 46,9 km Gda\u0144sk 64,0 km Przejazdowo 76,2 km Prom \u015awibno 89,9 km Stegna (S1) 101,7 km Marz\u0119cino 119,4 km K\u0119pki 127,5 km Elbl\u0105g 136,9 km Frombork 166,9 km Braniewo 175,8 km Gronowo (S2) 183,1 km \u017belazna G\u00f3ra 196,8 km Lelkowo [&hellip;]<\/p>\n","protected":false},"author":1,"featured_media":0,"parent":1173,"menu_order":10,"comment_status":"open","ping_status":"open","template":"","meta":[],"_links":{"self":[{"href":"https:\/\/mrdp.pl\/en\/wp-json\/wp\/v2\/pages\/14"}],"collection":[{"href":"https:\/\/mrdp.pl\/en\/wp-json\/wp\/v2\/pages"}],"about":[{"href":"https:\/\/mrdp.pl\/en\/wp-json\/wp\/v2\/types\/page"}],"author":[{"embeddable":true,"href":"https:\/\/mrdp.pl\/en\/wp-json\/wp\/v2\/users\/1"}],"replies":[{"embeddable":true,"href":"https:\/\/mrdp.pl\/en\/wp-json\/wp\/v2\/comments?post=14"}],"version-history":[{"count":14,"href":"https:\/\/mrdp.pl\/en\/wp-json\/wp\/v2\/pages\/14\/revisions"}],"predecessor-version":[{"id":154,"href":"https:\/\/mrdp.pl\/en\/wp-json\/wp\/v2\/pages\/14\/revisions\/154"}],"up":[{"embeddable":true,"href":"https:\/\/mrdp.pl\/en\/wp-json\/wp\/v2\/pages\/1173"}],"wp:attachment":[{"href":"https:\/\/mrdp.pl\/en\/wp-json\/wp\/v2\/media?parent=14"}],"curies":[{"name":"wp","href":"https:\/\/api.w.org\/{rel}","templated":true}]}}