{"id":1176,"date":"2014-09-06T11:18:22","date_gmt":"2014-09-06T09:18:22","guid":{"rendered":"http:\/\/localhost\/mrdp\/?page_id=1176"},"modified":"2016-02-25T18:49:13","modified_gmt":"2016-02-25T17:49:13","slug":"opis-trasy-2015","status":"publish","type":"page","link":"https:\/\/mrdp.pl\/en\/archiwum\/gmrdp-2015\/opis-trasy-2015","title":{"rendered":"Race Description 2015"},"content":{"rendered":"<p><b>Race description (by kilometers)<\/b>:<\/p>\n<table width=\"317\" cellpadding=\"5\">\n<colgroup>\n<col width=\"179\" \/>\n<col width=\"54\" \/>\n<col width=\"54\" \/> <\/colgroup>\n<tbody>\n<tr valign=\"BOTTOM\">\n<td width=\"179\" height=\"11\">START Przemy\u015bl &#8211; Rynek<\/td>\n<td width=\"54\">\n<p align=\"RIGHT\">0,0<\/p>\n<\/td>\n<td width=\"54\">km<\/td>\n<\/tr>\n<tr valign=\"BOTTOM\">\n<td width=\"179\" height=\"11\">Nehrybka<\/td>\n<td width=\"54\">\n<p align=\"RIGHT\">4,2<\/p>\n<\/td>\n<td width=\"54\">km<\/td>\n<\/tr>\n<tr valign=\"BOTTOM\">\n<td width=\"179\" height=\"11\">Ar\u0142am\u00f3w<\/td>\n<td width=\"54\">\n<p align=\"RIGHT\">33,6<\/p>\n<\/td>\n<td width=\"54\">km<\/td>\n<\/tr>\n<tr valign=\"BOTTOM\">\n<td width=\"179\" height=\"11\">Kro\u015bcienko<\/td>\n<td width=\"54\">\n<p align=\"RIGHT\">53,9<\/p>\n<\/td>\n<td width=\"54\">km<\/td>\n<\/tr>\n<tr valign=\"BOTTOM\">\n<td width=\"179\" height=\"11\">Ustrzyki Dolne<\/td>\n<td width=\"54\">\n<p align=\"RIGHT\">61,8<\/p>\n<\/td>\n<td width=\"54\">km<\/td>\n<\/tr>\n<tr valign=\"BOTTOM\">\n<td width=\"179\" height=\"11\">Czarna G\u00f3rna<\/td>\n<td width=\"54\">\n<p align=\"RIGHT\">78,0<\/p>\n<\/td>\n<td width=\"54\">km<\/td>\n<\/tr>\n<tr valign=\"BOTTOM\">\n<td width=\"179\" height=\"11\">Ustrzyki G\u00f3rne (S1)<\/td>\n<td width=\"54\">\n<p align=\"RIGHT\">106,9<\/p>\n<\/td>\n<td width=\"54\">km<\/td>\n<\/tr>\n<tr valign=\"BOTTOM\">\n<td width=\"179\" height=\"11\">Cisna<\/td>\n<td width=\"54\">\n<p align=\"RIGHT\">142,7<\/p>\n<\/td>\n<td width=\"54\">km<\/td>\n<\/tr>\n<tr valign=\"BOTTOM\">\n<td width=\"179\" height=\"11\">Koma\u0144cza<\/td>\n<td width=\"54\">\n<p align=\"RIGHT\">174,8<\/p>\n<\/td>\n<td width=\"54\">km<\/td>\n<\/tr>\n<tr valign=\"BOTTOM\">\n<td width=\"179\" height=\"11\">Tylawa<\/td>\n<td width=\"54\">\n<p align=\"RIGHT\">210,2<\/p>\n<\/td>\n<td width=\"54\">km<\/td>\n<\/tr>\n<tr valign=\"BOTTOM\">\n<td width=\"179\" height=\"11\">Dukla<\/td>\n<td width=\"54\">\n<p align=\"RIGHT\">220,1<\/p>\n<\/td>\n<td width=\"54\">km<\/td>\n<\/tr>\n<tr valign=\"BOTTOM\">\n<td width=\"179\" height=\"11\">Nowy \u017bmigr\u00f3d (S2)<\/td>\n<td width=\"54\">\n<p align=\"RIGHT\">234,0<\/p>\n<\/td>\n<td width=\"54\">km<\/td>\n<\/tr>\n<tr valign=\"BOTTOM\">\n<td width=\"179\" height=\"11\">Gorlice<\/td>\n<td width=\"54\">\n<p align=\"RIGHT\">262,7<\/p>\n<\/td>\n<td width=\"54\">km<\/td>\n<\/tr>\n<tr valign=\"BOTTOM\">\n<td width=\"179\" height=\"11\">Ropa<\/td>\n<td width=\"54\">\n<p align=\"RIGHT\">273,8<\/p>\n<\/td>\n<td width=\"54\">km<\/td>\n<\/tr>\n<tr valign=\"BOTTOM\">\n<td width=\"179\" height=\"11\">\u015anietnica<\/td>\n<td width=\"54\">\n<p align=\"RIGHT\">287,7<\/p>\n<\/td>\n<td width=\"54\">km<\/td>\n<\/tr>\n<tr valign=\"BOTTOM\">\n<td width=\"179\" height=\"11\">Banica (S3)<\/td>\n<td width=\"54\">\n<p align=\"RIGHT\">292,2<\/p>\n<\/td>\n<td width=\"54\">km<\/td>\n<\/tr>\n<tr valign=\"BOTTOM\">\n<td width=\"179\" height=\"11\">Tylicz<\/td>\n<td width=\"54\">\n<p align=\"RIGHT\">306,4<\/p>\n<\/td>\n<td width=\"54\">km<\/td>\n<\/tr>\n<tr valign=\"BOTTOM\">\n<td width=\"179\" height=\"11\">Muszyna (S4)<\/td>\n<td width=\"54\">\n<p align=\"RIGHT\">320,0<\/p>\n<\/td>\n<td width=\"54\">km<\/td>\n<\/tr>\n<tr valign=\"BOTTOM\">\n<td width=\"179\" height=\"11\">Piwniczna Zdr\u00f3j<\/td>\n<td width=\"54\">\n<p align=\"RIGHT\">347,3<\/p>\n<\/td>\n<td width=\"54\">km<\/td>\n<\/tr>\n<tr valign=\"BOTTOM\">\n<td width=\"179\" height=\"11\">Stary S\u0105cz (S5)<\/td>\n<td width=\"54\">\n<p align=\"RIGHT\">364,5<\/p>\n<\/td>\n<td width=\"54\">km<\/td>\n<\/tr>\n<tr valign=\"BOTTOM\">\n<td width=\"179\" height=\"11\">Zabrze\u017a<\/td>\n<td width=\"54\">\n<p align=\"RIGHT\">384,8<\/p>\n<\/td>\n<td width=\"54\">km<\/td>\n<\/tr>\n<tr valign=\"BOTTOM\">\n<td width=\"179\" height=\"11\">Kro\u015bcienko nad Dunajcem<\/td>\n<td width=\"54\">\n<p align=\"RIGHT\">400,3<\/p>\n<\/td>\n<td width=\"54\">km<\/td>\n<\/tr>\n<tr valign=\"BOTTOM\">\n<td width=\"179\" height=\"11\">Nidzica<\/td>\n<td width=\"54\">\n<p align=\"RIGHT\">415,8<\/p>\n<\/td>\n<td width=\"54\">km<\/td>\n<\/tr>\n<tr valign=\"BOTTOM\">\n<td width=\"179\" height=\"11\">Lapszanka<\/td>\n<td width=\"54\">\n<p align=\"RIGHT\">431,7<\/p>\n<\/td>\n<td width=\"54\">km<\/td>\n<\/tr>\n<tr valign=\"BOTTOM\">\n<td width=\"179\" height=\"11\">Bukowina Tatrza\u0144ska<\/td>\n<td width=\"54\">\n<p align=\"RIGHT\">440,4<\/p>\n<\/td>\n<td width=\"54\">km<\/td>\n<\/tr>\n<tr valign=\"BOTTOM\">\n<td width=\"179\" height=\"11\">Zazadnia Polana (S6)<\/td>\n<td width=\"54\">\n<p align=\"RIGHT\">453,1<\/p>\n<\/td>\n<td width=\"54\">km<\/td>\n<\/tr>\n<tr valign=\"BOTTOM\">\n<td width=\"179\" height=\"11\">Zakopane<\/td>\n<td width=\"54\">\n<p align=\"RIGHT\">465,8<\/p>\n<\/td>\n<td width=\"54\">km<\/td>\n<\/tr>\n<tr valign=\"BOTTOM\">\n<td width=\"179\" height=\"11\">Czarny Dunajec<\/td>\n<td width=\"54\">\n<p align=\"RIGHT\">493,6<\/p>\n<\/td>\n<td width=\"54\">km<\/td>\n<\/tr>\n<tr valign=\"BOTTOM\">\n<td width=\"179\" height=\"11\">Jab\u0142onka<\/td>\n<td width=\"54\">\n<p align=\"RIGHT\">506,2<\/p>\n<\/td>\n<td width=\"54\">km<\/td>\n<\/tr>\n<tr valign=\"BOTTOM\">\n<td width=\"179\" height=\"11\">Zawoja<\/td>\n<td width=\"54\">\n<p align=\"RIGHT\">535,6<\/p>\n<\/td>\n<td width=\"54\">km<\/td>\n<\/tr>\n<tr valign=\"BOTTOM\">\n<td width=\"179\" height=\"11\">Stryszawa (S7)<\/td>\n<td width=\"54\">\n<p align=\"RIGHT\">547,0<\/p>\n<\/td>\n<td width=\"54\">km<\/td>\n<\/tr>\n<tr valign=\"BOTTOM\">\n<td width=\"179\" height=\"11\">\u017bywiec<\/td>\n<td width=\"54\">\n<p align=\"RIGHT\">578,4<\/p>\n<\/td>\n<td width=\"54\">km<\/td>\n<\/tr>\n<tr valign=\"BOTTOM\">\n<td width=\"179\" height=\"11\">Mil\u00f3wka<\/td>\n<td width=\"54\">\n<p align=\"RIGHT\">596,0<\/p>\n<\/td>\n<td width=\"54\">km<\/td>\n<\/tr>\n<tr valign=\"BOTTOM\">\n<td width=\"179\" height=\"11\">Istebna (S8)<\/td>\n<td width=\"54\">\n<p align=\"RIGHT\">612,5<\/p>\n<\/td>\n<td width=\"54\">km<\/td>\n<\/tr>\n<tr valign=\"BOTTOM\">\n<td width=\"179\" height=\"11\">Wis\u0142a<\/td>\n<td width=\"54\">\n<p align=\"RIGHT\">625,8<\/p>\n<\/td>\n<td width=\"54\">km<\/td>\n<\/tr>\n<tr valign=\"BOTTOM\">\n<td width=\"179\" height=\"11\">Ustro\u0144<\/td>\n<td width=\"54\">\n<p align=\"RIGHT\">636,5<\/p>\n<\/td>\n<td width=\"54\">km<\/td>\n<\/tr>\n<tr valign=\"BOTTOM\">\n<td width=\"179\" height=\"11\">Golesz\u00f3w<\/td>\n<td width=\"54\">\n<p align=\"RIGHT\">640,9<\/p>\n<\/td>\n<td width=\"54\">km<\/td>\n<\/tr>\n<tr valign=\"BOTTOM\">\n<td width=\"179\" height=\"11\">Cieszyn<\/td>\n<td width=\"54\">\n<p align=\"RIGHT\">649,2<\/p>\n<\/td>\n<td width=\"54\">km<\/td>\n<\/tr>\n<tr valign=\"BOTTOM\">\n<td width=\"179\" height=\"11\">Jastrz\u0119bie &#8211; Zdr\u00f3j<\/td>\n<td width=\"54\">\n<p align=\"RIGHT\">673,9<\/p>\n<\/td>\n<td width=\"54\">km<\/td>\n<\/tr>\n<tr valign=\"BOTTOM\">\n<td width=\"179\" height=\"11\">Wodzis\u0142aw \u015al\u0105ski<\/td>\n<td width=\"54\">\n<p align=\"RIGHT\">685,2<\/p>\n<\/td>\n<td width=\"54\">km<\/td>\n<\/tr>\n<tr valign=\"BOTTOM\">\n<td width=\"179\" height=\"11\">Racib\u00f3rz<\/td>\n<td width=\"54\">\n<p align=\"RIGHT\">708,6<\/p>\n<\/td>\n<td width=\"54\">km<\/td>\n<\/tr>\n<tr valign=\"BOTTOM\">\n<td width=\"179\" height=\"11\">Kietrz (S9)<\/td>\n<td width=\"54\">\n<p align=\"RIGHT\">725,9<\/p>\n<\/td>\n<td width=\"54\">km<\/td>\n<\/tr>\n<tr valign=\"BOTTOM\">\n<td width=\"179\" height=\"11\">G\u0142ubczyce<\/td>\n<td width=\"54\">\n<p align=\"RIGHT\">747,1<\/p>\n<\/td>\n<td width=\"54\">km<\/td>\n<\/tr>\n<tr valign=\"BOTTOM\">\n<td width=\"179\" height=\"11\">Klisino<\/td>\n<td width=\"54\">\n<p align=\"RIGHT\">759,3<\/p>\n<\/td>\n<td width=\"54\">km<\/td>\n<\/tr>\n<tr valign=\"BOTTOM\">\n<td width=\"179\" height=\"11\">Prudnik<\/td>\n<td width=\"54\">\n<p align=\"RIGHT\">777,6<\/p>\n<\/td>\n<td width=\"54\">km<\/td>\n<\/tr>\n<tr valign=\"BOTTOM\">\n<td width=\"179\" height=\"11\">Nysa (S10)<\/td>\n<td width=\"54\">\n<p align=\"RIGHT\">803,8<\/p>\n<\/td>\n<td width=\"54\">km<\/td>\n<\/tr>\n<tr valign=\"BOTTOM\">\n<td width=\"179\" height=\"11\">Otmuch\u00f3w<\/td>\n<td width=\"54\">\n<p align=\"RIGHT\">815,5<\/p>\n<\/td>\n<td width=\"54\">km<\/td>\n<\/tr>\n<tr valign=\"BOTTOM\">\n<td width=\"179\" height=\"11\">Paczk\u00f3w<\/td>\n<td width=\"54\">\n<p align=\"RIGHT\">829,4<\/p>\n<\/td>\n<td width=\"54\">km<\/td>\n<\/tr>\n<tr valign=\"BOTTOM\">\n<td width=\"179\" height=\"11\">Z\u0142oty Stok (S11)<\/td>\n<td width=\"54\">\n<p align=\"RIGHT\">839,9<\/p>\n<\/td>\n<td width=\"54\">km<\/td>\n<\/tr>\n<tr valign=\"BOTTOM\">\n<td width=\"179\" height=\"11\">L\u0105dek Zdr\u00f3j<\/td>\n<td width=\"54\">\n<p align=\"RIGHT\">858,0<\/p>\n<\/td>\n<td width=\"54\">km<\/td>\n<\/tr>\n<tr valign=\"BOTTOM\">\n<td width=\"179\" height=\"11\">Stronie \u015al\u0105skie (S12)<\/td>\n<td width=\"54\">\n<p align=\"RIGHT\">865,0<\/p>\n<\/td>\n<td width=\"54\">km<\/td>\n<\/tr>\n<tr valign=\"BOTTOM\">\n<td width=\"179\" height=\"11\">Wilkan\u00f3w<\/td>\n<td width=\"54\">\n<p align=\"RIGHT\">884,0<\/p>\n<\/td>\n<td width=\"54\">km<\/td>\n<\/tr>\n<tr valign=\"BOTTOM\">\n<td width=\"179\" height=\"11\">Mi\u0119dzylesie (S13)<\/td>\n<td width=\"54\">\n<p align=\"RIGHT\">895,7<\/p>\n<\/td>\n<td width=\"54\">km<\/td>\n<\/tr>\n<tr valign=\"BOTTOM\">\n<td width=\"179\" height=\"11\">Zieleniec<\/td>\n<td width=\"54\">\n<p align=\"RIGHT\">933,7<\/p>\n<\/td>\n<td width=\"54\">km<\/td>\n<\/tr>\n<tr valign=\"BOTTOM\">\n<td width=\"179\" height=\"11\">Kudowa &#8211; Zdr\u00f3j (S14)<\/td>\n<td width=\"54\">\n<p align=\"RIGHT\">952,5<\/p>\n<\/td>\n<td width=\"54\">km<\/td>\n<\/tr>\n<tr valign=\"BOTTOM\">\n<td width=\"179\" height=\"11\">Radk\u00f3w<\/td>\n<td width=\"54\">\n<p align=\"RIGHT\">976,2<\/p>\n<\/td>\n<td width=\"54\">km<\/td>\n<\/tr>\n<tr valign=\"BOTTOM\">\n<td width=\"179\" height=\"11\">Gaj\u00f3w<\/td>\n<td width=\"54\">\n<p align=\"RIGHT\">979,6<\/p>\n<\/td>\n<td width=\"54\">km<\/td>\n<\/tr>\n<tr valign=\"BOTTOM\">\n<td width=\"179\" height=\"11\">Krajan\u00f3w<\/td>\n<td width=\"54\">\n<p align=\"RIGHT\">993,2<\/p>\n<\/td>\n<td width=\"54\">km<\/td>\n<\/tr>\n<tr valign=\"BOTTOM\">\n<td width=\"179\" height=\"11\">G\u0142uszyca (S15)<\/td>\n<td width=\"54\">\n<p align=\"RIGHT\">1007,6<\/p>\n<\/td>\n<td width=\"54\">km<\/td>\n<\/tr>\n<tr valign=\"BOTTOM\">\n<td width=\"179\" height=\"11\">Unis\u0142aw \u015al\u0105ski<\/td>\n<td width=\"54\">\n<p align=\"RIGHT\">1017,1<\/p>\n<\/td>\n<td width=\"54\">km<\/td>\n<\/tr>\n<tr valign=\"BOTTOM\">\n<td width=\"179\" height=\"11\">Mierosz\u00f3w<\/td>\n<td width=\"54\">\n<p align=\"RIGHT\">1025,1<\/p>\n<\/td>\n<td width=\"54\">km<\/td>\n<\/tr>\n<tr valign=\"BOTTOM\">\n<td width=\"179\" height=\"11\">Che\u0142msko \u015al\u0105skie<\/td>\n<td width=\"54\">\n<p align=\"RIGHT\">1036,0<\/p>\n<\/td>\n<td width=\"54\">km<\/td>\n<\/tr>\n<tr valign=\"BOTTOM\">\n<td width=\"179\" height=\"11\">Lubawka (S16)<\/td>\n<td width=\"54\">\n<p align=\"RIGHT\">1042,9<\/p>\n<\/td>\n<td width=\"54\">km<\/td>\n<\/tr>\n<tr valign=\"BOTTOM\">\n<td width=\"179\" height=\"11\">Kowary<\/td>\n<td width=\"54\">\n<p align=\"RIGHT\">1068,4<\/p>\n<\/td>\n<td width=\"54\">km<\/td>\n<\/tr>\n<tr valign=\"BOTTOM\">\n<td width=\"179\" height=\"11\">Szklarska Por\u0119ba Dolna<\/td>\n<td width=\"54\">\n<p align=\"RIGHT\">1095,8<\/p>\n<\/td>\n<td width=\"54\">km<\/td>\n<\/tr>\n<tr valign=\"BOTTOM\">\n<td width=\"179\" height=\"11\">META \u015awierad\u00f3w &#8211; Zdr\u00f3j<\/td>\n<td width=\"54\">\n<p align=\"RIGHT\">1116,0<\/p>\n<\/td>\n<td width=\"54\">km<\/td>\n<\/tr>\n<\/tbody>\n<\/table>\n<p><\/p>","protected":false},"excerpt":{"rendered":"<p>Race description (by kilometers): START Przemy\u015bl &#8211; Rynek 0,0 km Nehrybka 4,2 km Ar\u0142am\u00f3w 33,6 km Kro\u015bcienko 53,9 km Ustrzyki Dolne 61,8 km Czarna G\u00f3rna 78,0 km Ustrzyki G\u00f3rne (S1) 106,9 km Cisna 142,7 km Koma\u0144cza 174,8 km Tylawa 210,2 km Dukla 220,1 km Nowy \u017bmigr\u00f3d (S2) 234,0 km Gorlice 262,7 km Ropa 273,8 km \u015anietnica 287,7 km Banica (S3) [&hellip;]<\/p>\n","protected":false},"author":1,"featured_media":0,"parent":2429,"menu_order":0,"comment_status":"closed","ping_status":"closed","template":"","meta":[],"_links":{"self":[{"href":"https:\/\/mrdp.pl\/en\/wp-json\/wp\/v2\/pages\/1176"}],"collection":[{"href":"https:\/\/mrdp.pl\/en\/wp-json\/wp\/v2\/pages"}],"about":[{"href":"https:\/\/mrdp.pl\/en\/wp-json\/wp\/v2\/types\/page"}],"author":[{"embeddable":true,"href":"https:\/\/mrdp.pl\/en\/wp-json\/wp\/v2\/users\/1"}],"replies":[{"embeddable":true,"href":"https:\/\/mrdp.pl\/en\/wp-json\/wp\/v2\/comments?post=1176"}],"version-history":[{"count":11,"href":"https:\/\/mrdp.pl\/en\/wp-json\/wp\/v2\/pages\/1176\/revisions"}],"predecessor-version":[{"id":2432,"href":"https:\/\/mrdp.pl\/en\/wp-json\/wp\/v2\/pages\/1176\/revisions\/2432"}],"up":[{"embeddable":true,"href":"https:\/\/mrdp.pl\/en\/wp-json\/wp\/v2\/pages\/2429"}],"wp:attachment":[{"href":"https:\/\/mrdp.pl\/en\/wp-json\/wp\/v2\/media?parent=1176"}],"curies":[{"name":"wp","href":"https:\/\/api.w.org\/{rel}","templated":true}]}}